{"id":1777,"date":"2018-10-19T11:55:16","date_gmt":"2018-10-19T09:55:16","guid":{"rendered":"https:\/\/www.workline.at\/cms\/?page_id=1777"},"modified":"2024-12-10T11:45:52","modified_gmt":"2024-12-10T10:45:52","slug":"greiff","status":"publish","type":"page","link":"https:\/\/www.workline.at\/cms\/greiff\/","title":{"rendered":"Greiff"},"content":{"rendered":"<p>[et_pb_section fb_built=&#8220;1&#8243; fullwidth=&#8220;on&#8220; _builder_version=&#8220;4.16&#8243; global_colors_info=&#8220;{}&#8220;][et_pb_fullwidth_image src=&#8220;https:\/\/www.workline.at\/cms\/wp-content\/uploads\/greiff_mood_header_2022_1.jpg&#8220; alt=&#8220;Greiff Berufsbekleidung Corporate Gastro Med und Pflege&#8220; title_text=&#8220;greiff_mood_header_2022_1&#8243; src_tablet=&#8220;https:\/\/www.workline.at\/cms\/wp-content\/uploads\/greiff_mood_header_2022_1.jpg&#8220; src_phone=&#8220;https:\/\/www.workline.at\/cms\/wp-content\/uploads\/Slider-Bild_Greiff_Gastro_2022_Mobile.jpg&#8220; src_last_edited=&#8220;on|phone&#8220; admin_label=&#8220;Stickerei Bild Sterne&#8220; _builder_version=&#8220;4.16&#8243; background_enable_image=&#8220;off&#8220; custom_margin=&#8220;||-30px&#8220; animation_style=&#8220;fade&#8220; border_style=&#8220;solid&#8220; global_colors_info=&#8220;{}&#8220;][\/et_pb_fullwidth_image][\/et_pb_section][et_pb_section fb_built=&#8220;1&#8243; admin_label=&#8220;section&#8220; _builder_version=&#8220;4.16&#8243; custom_margin_tablet=&#8220;&#8220; custom_margin_phone=&#8220;0px|||&#8220; custom_margin_last_edited=&#8220;on|phone&#8220; global_colors_info=&#8220;{}&#8220;][et_pb_row admin_label=&#8220;row&#8220; _builder_version=&#8220;4.16&#8243; background_size=&#8220;initial&#8220; background_position=&#8220;top_left&#8220; background_repeat=&#8220;repeat&#8220; custom_margin_tablet=&#8220;||-30px|&#8220; custom_margin_phone=&#8220;-20px||-50px|&#8220; custom_margin_last_edited=&#8220;on|phone&#8220; global_colors_info=&#8220;{}&#8220;][et_pb_column type=&#8220;4_4&#8243; _builder_version=&#8220;4.16&#8243; custom_padding=&#8220;|||&#8220; global_colors_info=&#8220;{}&#8220; custom_padding__hover=&#8220;|||&#8220;][et_pb_text _builder_version=&#8220;4.16&#8243; text_font=&#8220;||||||||&#8220; text_orientation=&#8220;center&#8220; global_colors_info=&#8220;{}&#8220;]<\/p>\n<h1>Greiff<\/h1>\n<p>[\/et_pb_text][\/et_pb_column][\/et_pb_row][et_pb_row column_structure=&#8220;1_2,1_2&#8243; custom_padding_last_edited=&#8220;on|phone&#8220; _builder_version=&#8220;4.16&#8243; custom_margin_tablet=&#8220;||-50px|&#8220; custom_margin_phone=&#8220;||-30px|&#8220; custom_margin_last_edited=&#8220;on|tablet&#8220; custom_padding=&#8220;27px|0px|60px|0px|false|false&#8220; custom_padding_tablet=&#8220;&#8220; custom_padding_phone=&#8220;30px||0px|&#8220; global_colors_info=&#8220;{}&#8220;][et_pb_column type=&#8220;1_2&#8243; _builder_version=&#8220;4.16&#8243; custom_padding=&#8220;|||&#8220; global_colors_info=&#8220;{}&#8220; custom_padding__hover=&#8220;|||&#8220;][et_pb_image src=&#8220;https:\/\/www.workline.at\/cms\/wp-content\/uploads\/Greiff_Mode_Logo_2013.jpg&#8220; align=&#8220;center&#8220; align_tablet=&#8220;center&#8220; align_phone=&#8220;center&#8220; align_last_edited=&#8220;on|desktop&#8220; _builder_version=&#8220;4.16&#8243; max_width=&#8220;40%&#8220; custom_margin_tablet=&#8220;||30px|&#8220; custom_margin_phone=&#8220;||10px|&#8220; custom_margin_last_edited=&#8220;on|phone&#8220; global_colors_info=&#8220;{}&#8220;][\/et_pb_image][\/et_pb_column][et_pb_column type=&#8220;1_2&#8243; _builder_version=&#8220;4.16&#8243; custom_padding=&#8220;|||&#8220; global_colors_info=&#8220;{}&#8220; custom_padding__hover=&#8220;|||&#8220;][et_pb_text _builder_version=&#8220;4.16&#8243; global_colors_info=&#8220;{}&#8220;]<\/p>\n<p>Die Marke GREIFF setzt seit \u00fcber 200 Jahren auf Qualit\u00e4t und Stil. Das Unternehmen z\u00e4hlt zu den f\u00fchrenden Herstellern von Berufsbekleidung, vor allem f\u00fcr die Dienstleistungsbranche, die Hotellerie und die Gastronomie.<\/p>\n<p>GREIFF stellt an sich selbst hohe Anspr\u00fcche an Qualit\u00e4t und dr\u00fcckt dies in seiner Liebe zum Detail aus. Von der Entwicklung und Herstellung bis hin zur Auslieferung kommt alles vom Unternehmen selbst.<\/p>\n<p>Noch mehr GREIFF-Produkte finden Sie in den aktuellen <a title=\"Kataloge\" href=\"https:\/\/www.workline.at\/cms\/kataloge\">Katalogen<\/a> und in unserem <a title=\"Link Webshop\" href=\"https:\/\/www.workline.at\/webmanager\/view.php?dirid=5\">Webshop<\/a>.<\/p>\n<p><a title=\"Back\" href=\"https:\/\/www.workline.at\/cms\/berufsbekleidung-corporate-fashion\/\">\u2190 Zur\u00fcck zur \u00dcbersicht<\/a><\/p>\n<p>[\/et_pb_text][\/et_pb_column][\/et_pb_row][et_pb_row _builder_version=&#8220;4.16&#8243; global_colors_info=&#8220;{}&#8220;][et_pb_column type=&#8220;4_4&#8243; _builder_version=&#8220;4.16&#8243; custom_padding=&#8220;|||&#8220; global_colors_info=&#8220;{}&#8220; custom_padding__hover=&#8220;|||&#8220;][et_pb_gallery gallery_ids=&#8220;6034,6036,6039,6035,6037,6038,6043,6044,6045,6046,6047,6048&#8243; posts_number=&#8220;12&#8243; show_title_and_caption=&#8220;off&#8220; show_pagination=&#8220;off&#8220; _builder_version=&#8220;4.16&#8243; title_font=&#8220;||||||||&#8220; title_text_color=&#8220;rgba(0,0,0,0)&#8220; caption_font=&#8220;||||||||&#8220; caption_text_color=&#8220;rgba(0,0,0,0)&#8220; custom_margin=&#8220;|||&#8220; global_colors_info=&#8220;{}&#8220;][\/et_pb_gallery][\/et_pb_column][\/et_pb_row][\/et_pb_section]<\/p>\n","protected":false},"excerpt":{"rendered":"<p>Greiff Die Marke GREIFF setzt seit \u00fcber 200 Jahren auf Qualit\u00e4t und Stil. Das Unternehmen z\u00e4hlt zu den f\u00fchrenden Herstellern von Berufsbekleidung, vor allem f\u00fcr die Dienstleistungsbranche, die Hotellerie und die Gastronomie. GREIFF stellt an sich selbst hohe Anspr\u00fcche an Qualit\u00e4t und dr\u00fcckt dies in seiner Liebe zum Detail aus. Von der Entwicklung und Herstellung [&hellip;]<\/p>\n","protected":false},"author":1,"featured_media":0,"parent":0,"menu_order":0,"comment_status":"closed","ping_status":"closed","template":"","meta":{"_et_pb_use_builder":"on","_et_pb_old_content":"","_et_gb_content_width":"1100","footnotes":""},"yst_prominent_words":[253],"class_list":["post-1777","page","type-page","status-publish","hentry"],"_links":{"self":[{"href":"https:\/\/www.workline.at\/cms\/wp-json\/wp\/v2\/pages\/1777","targetHints":{"allow":["GET"]}}],"collection":[{"href":"https:\/\/www.workline.at\/cms\/wp-json\/wp\/v2\/pages"}],"about":[{"href":"https:\/\/www.workline.at\/cms\/wp-json\/wp\/v2\/types\/page"}],"author":[{"embeddable":true,"href":"https:\/\/www.workline.at\/cms\/wp-json\/wp\/v2\/users\/1"}],"replies":[{"embeddable":true,"href":"https:\/\/www.workline.at\/cms\/wp-json\/wp\/v2\/comments?post=1777"}],"version-history":[{"count":3,"href":"https:\/\/www.workline.at\/cms\/wp-json\/wp\/v2\/pages\/1777\/revisions"}],"predecessor-version":[{"id":7142,"href":"https:\/\/www.workline.at\/cms\/wp-json\/wp\/v2\/pages\/1777\/revisions\/7142"}],"wp:attachment":[{"href":"https:\/\/www.workline.at\/cms\/wp-json\/wp\/v2\/media?parent=1777"}],"wp:term":[{"taxonomy":"yst_prominent_words","embeddable":true,"href":"https:\/\/www.workline.at\/cms\/wp-json\/wp\/v2\/yst_prominent_words?post=1777"}],"curies":[{"name":"wp","href":"https:\/\/api.w.org\/{rel}","templated":true}]}}